{"id":168108,"date":"2015-04-26T16:56:38","date_gmt":"2015-04-26T14:56:38","guid":{"rendered":"http:\/\/www.tsv-hespe.de\/?page_id=168108"},"modified":"2025-01-30T08:44:04","modified_gmt":"2025-01-30T07:44:04","slug":"ansprechpartnertrainingszeiten","status":"publish","type":"page","link":"https:\/\/www.tsv-hespe.de\/?page_id=168108","title":{"rendered":"Kontakte"},"content":{"rendered":"<h4>Spartenleiter:<\/h4>\n<h4><strong>Niklas V\u00f6lkening\u00a0 \u00a0 \u00a0 \u00a00172-5154009 <\/strong><\/h4>\n<h4 class=\"entry-title\">Jugendleiter:<\/h4>\n<h4 class=\"tiny_p\" style=\"text-align: left;\">Bei allen <strong>Jugendmannschaften<\/strong> besteht eine <em><strong>Spielgemeinschaft<\/strong><\/em> mit dem <a href=\"http:\/\/www.fc-hevesen.de\/seite\/26796\/junioren.html\">FC Hevesen<\/a> und dem TSV Ahnsen. Es wird gespielt unter dem Namen:\u00a0 <strong>JSG Hevesen\/Hespe\/Ahnsen<br \/><\/strong><\/h4>\n<p>\u00a0<\/p>\n\n\n<figure class=\"wp-block-image\"><img alt=\"\"\/><\/figure>\n\n\n\n<figure class=\"wp-block-table is-style-stripes\"><table><tbody><tr><td class=\"has-text-align-center\" data-align=\"center\"><strong>Mannschaft<\/strong><\/td><td class=\"has-text-align-center\" data-align=\"center\"><strong>Trainer\/Betreuer<\/strong><\/td><td class=\"has-text-align-center\" data-align=\"center\"><strong>Tel-Nr.<\/strong><\/td><td class=\"has-text-align-center\" data-align=\"center\"><strong>Trainingszeiten<\/strong><\/td><td class=\"has-text-align-center\" data-align=\"center\"><strong>Ort<\/strong><\/td><td class=\"has-text-align-center\" data-align=\"center\"><strong>Jahrgang<\/strong><\/td><\/tr><tr><td class=\"has-text-align-center\" data-align=\"center\">M\u00e4dchentraining<\/td><td class=\"has-text-align-center\" data-align=\"center\">Christian Meier<\/td><td class=\"has-text-align-center\" data-align=\"center\">0152 36108968<\/td><td class=\"has-text-align-center\" data-align=\"center\">Di 17:30 &#8211; 19:00<\/td><td class=\"has-text-align-center\" data-align=\"center\">Achum<\/td><td class=\"has-text-align-center\" data-align=\"center\">2009 &#8211; 2011<\/td><\/tr><tr><td class=\"has-text-align-center\" data-align=\"center\">A-Junioren (11er)<\/td><td class=\"has-text-align-center\" data-align=\"center\">Christian Meier<br>Marc N\u00f6cker<\/td><td class=\"has-text-align-center\" data-align=\"center\">0152 36108968<br>0178 8102949<\/td><td class=\"has-text-align-center\" data-align=\"center\">Mo 18:30 &#8211; 20:00<br>Mi 18:00 &#8211; 19:30<\/td><td class=\"has-text-align-center\" data-align=\"center\">Hespe<br>Achum<\/td><td class=\"has-text-align-center\" data-align=\"center\">2006 &#8211; 2008<\/td><\/tr><tr><td class=\"has-text-align-center\" data-align=\"center\">C-Junioren (11er)<\/td><td class=\"has-text-align-center\" data-align=\"center\">Thore Pfeiffer<br>Florian G\u00f6bel<\/td><td class=\"has-text-align-center\" data-align=\"center\">0172 8290326<br>0176 22223827<\/td><td class=\"has-text-align-center\" data-align=\"center\">Mo + Do<br>17:30 &#8211; 19:00<\/td><td class=\"has-text-align-center\" data-align=\"center\">Achum<\/td><td class=\"has-text-align-center\" data-align=\"center\">2010 u. 2011<\/td><\/tr><tr><td class=\"has-text-align-center\" data-align=\"center\">D1-Junioren (9er)<\/td><td class=\"has-text-align-center\" data-align=\"center\">Michel Kammann<br>Timo Tegtmeier<\/td><td class=\"has-text-align-center\" data-align=\"center\">0160 99434793<br>0170 4124342<\/td><td class=\"has-text-align-center\" data-align=\"center\">Di + Do<br>17:00 &#8211; 18:30<\/td><td class=\"has-text-align-center\" data-align=\"center\">Achum<\/td><td class=\"has-text-align-center\" data-align=\"center\">2012 u. 2013<\/td><\/tr><tr><td class=\"has-text-align-center\" data-align=\"center\">D2-Junioren (9er)<\/td><td class=\"has-text-align-center\" data-align=\"center\">G\u00f6hkan Kagan<br>Daniele Battaglia<\/td><td class=\"has-text-align-center\" data-align=\"center\">01556 1206818<br>01575 2606300<\/td><td class=\"has-text-align-center\" data-align=\"center\">Mo 17:00 &#8211; 18:30<br>Mi 17:00 &#8211; 18:30<\/td><td class=\"has-text-align-center\" data-align=\"center\">Hee\u00dfen<br>Achum<\/td><td class=\"has-text-align-center\" data-align=\"center\">2012 u. 2013<\/td><\/tr><tr><td class=\"has-text-align-center\" data-align=\"center\">E1-Junioren (7er)<\/td><td class=\"has-text-align-center\" data-align=\"center\">Jannik Schulze<br>Sven Grutzka<\/td><td class=\"has-text-align-center\" data-align=\"center\">0152 26265916<br>0162 2746279<\/td><td class=\"has-text-align-center\" data-align=\"center\">Di + Fr<br>17:00 &#8211; 18:30<\/td><td class=\"has-text-align-center\" data-align=\"center\">Hee\u00dfen<\/td><td class=\"has-text-align-center\" data-align=\"center\">2014 u. 2015<\/td><\/tr><tr><td class=\"has-text-align-center\" data-align=\"center\">E2-Junioren (7er)<\/td><td class=\"has-text-align-center\" data-align=\"center\">Robert Schr\u00f6der<br>Martin Andree\u00dfen<br>Frank N\u00f6ske<\/td><td class=\"has-text-align-center\" data-align=\"center\">0170 3322668<br>0177 7955550<br>01573 4954347<\/td><td class=\"has-text-align-center\" data-align=\"center\">Mo + Do<br>17:00 &#8211; 18:30<\/td><td class=\"has-text-align-center\" data-align=\"center\">Hespe<\/td><td class=\"has-text-align-center\" data-align=\"center\">2014 u. 2015<\/td><\/tr><tr><td class=\"has-text-align-center\" data-align=\"center\">E3-Junioren (7er)<\/td><td class=\"has-text-align-center\" data-align=\"center\">Nils Friedhoff<\/td><td class=\"has-text-align-center\" data-align=\"center\">0151 11835291<\/td><td class=\"has-text-align-center\" data-align=\"center\">Mo 17:00 &#8211; 18:30<br>Do 17:00 &#8211; 18:30<\/td><td class=\"has-text-align-center\" data-align=\"center\">Achum<br>Hespe<\/td><td class=\"has-text-align-center\" data-align=\"center\">2014 u. 2015<\/td><\/tr><tr><td class=\"has-text-align-center\" data-align=\"center\">F-Junioren<\/td><td class=\"has-text-align-center\" data-align=\"center\">Vitali Rupp<br>Giuseppe Porcello<br>Christian Knoll<br>Nick N\u00f6cker<br>Florian G\u00f6bel<\/td><td class=\"has-text-align-center\" data-align=\"center\">0170 3464672<br><br>0173 6883054<br>0176 71703458<br>0176 22223827<\/td><td class=\"has-text-align-center\" data-align=\"center\">Mo + Do<br>17:00 &#8211; 18:00<\/td><td class=\"has-text-align-center\" data-align=\"center\">Achum<\/td><td class=\"has-text-align-center\" data-align=\"center\">2016 u. 2017<\/td><\/tr><tr><td class=\"has-text-align-center\" data-align=\"center\">G-Junioren<\/td><td class=\"has-text-align-center\" data-align=\"center\">Sebastian Wenzel<br>Niklas V\u00f6lkening<\/td><td class=\"has-text-align-center\" data-align=\"center\">0172 5154009<br>0171 2950426<\/td><td class=\"has-text-align-center\" data-align=\"center\">Di 17:30 &#8211; 18:30<br>Do 17:15 &#8211; 18:15<\/td><td class=\"has-text-align-center\" data-align=\"center\">Hespe<br>Hespe<\/td><td class=\"has-text-align-center\" data-align=\"center\">2018 u.<br>j\u00fcnger<\/td><\/tr><\/tbody><\/table><\/figure>\n","protected":false},"excerpt":{"rendered":"<p>Spartenleiter: Niklas V\u00f6lkening\u00a0 \u00a0 \u00a0 \u00a00172-5154009 Jugendleiter: Bei allen Jugendmannschaften besteht eine Spielgemeinschaft mit dem FC Hevesen und dem TSV Ahnsen. Es wird gespielt unter dem Namen:\u00a0 JSG Hevesen\/Hespe\/Ahnsen \u00a0 Mannschaft Trainer\/Betreuer Tel-Nr. Trainingszeiten Ort Jahrgang M\u00e4dchentraining Christian Meier 0152 &hellip;<\/p>\n<div class=\"read_more\"><a href=\"https:\/\/www.tsv-hespe.de\/?page_id=168108\">read more<\/a><\/div>\n","protected":false},"author":1,"featured_media":0,"parent":0,"menu_order":0,"comment_status":"closed","ping_status":"closed","template":"","meta":[],"_links":{"self":[{"href":"https:\/\/www.tsv-hespe.de\/index.php?rest_route=\/wp\/v2\/pages\/168108"}],"collection":[{"href":"https:\/\/www.tsv-hespe.de\/index.php?rest_route=\/wp\/v2\/pages"}],"about":[{"href":"https:\/\/www.tsv-hespe.de\/index.php?rest_route=\/wp\/v2\/types\/page"}],"author":[{"embeddable":true,"href":"https:\/\/www.tsv-hespe.de\/index.php?rest_route=\/wp\/v2\/users\/1"}],"replies":[{"embeddable":true,"href":"https:\/\/www.tsv-hespe.de\/index.php?rest_route=%2Fwp%2Fv2%2Fcomments&post=168108"}],"version-history":[{"count":34,"href":"https:\/\/www.tsv-hespe.de\/index.php?rest_route=\/wp\/v2\/pages\/168108\/revisions"}],"predecessor-version":[{"id":168890,"href":"https:\/\/www.tsv-hespe.de\/index.php?rest_route=\/wp\/v2\/pages\/168108\/revisions\/168890"}],"wp:attachment":[{"href":"https:\/\/www.tsv-hespe.de\/index.php?rest_route=%2Fwp%2Fv2%2Fmedia&parent=168108"}],"curies":[{"name":"wp","href":"https:\/\/api.w.org\/{rel}","templated":true}]}}