{"id":137,"date":"2012-08-31T08:36:44","date_gmt":"2012-08-31T06:36:44","guid":{"rendered":"http:\/\/web165.boss.nbiserv.de\/TSV-Hespe\/?page_id=137"},"modified":"2025-01-30T08:32:33","modified_gmt":"2025-01-30T07:32:33","slug":"ansprechpartner","status":"publish","type":"page","link":"https:\/\/www.tsv-hespe.de\/?page_id=137","title":{"rendered":"Ansprechpartner"},"content":{"rendered":"\n<div class=\"wp-block-columns are-vertically-aligned-center\">\n<div class=\"wp-block-column is-vertically-aligned-center\" style=\"flex-basis:100%\">\n<div class=\"wp-block-group\"><div class=\"wp-block-group__inner-container\"><\/div><\/div>\n<\/div>\n<\/div>\n\n\n\n<figure class=\"wp-block-table is-style-stripes\"><table><tbody><tr><td class=\"has-text-align-left\" data-align=\"left\">Vorsitzender&nbsp;&nbsp;&nbsp;<\/td><td class=\"has-text-align-left\" data-align=\"left\">Michel Kording, Hauptstr. 14, 31693 Hespe<\/td><td>mi-kording@t-online.de<br>0170 9065257<\/td><\/tr><tr><td class=\"has-text-align-left\" data-align=\"left\"><strong>2. Vorsitzender<\/strong><\/td><td class=\"has-text-align-left\" data-align=\"left\">Sebastian Wenzel<\/td><td><\/td><\/tr><tr><td class=\"has-text-align-left\" data-align=\"left\">2. Vorsitzender<\/td><td class=\"has-text-align-left\" data-align=\"left\">Marcel Picknik<\/td><td><\/td><\/tr><tr><td class=\"has-text-align-left\" data-align=\"left\">Finanzen<\/td><td class=\"has-text-align-left\" data-align=\"left\">Rene Thom<br>Christoph K\u00f6pper<\/td><td><\/td><\/tr><tr><td class=\"has-text-align-left\" data-align=\"left\">Schriftf\u00fchrer<\/td><td class=\"has-text-align-left\" data-align=\"left\">Tore Pfeiffer<\/td><td><\/td><\/tr><tr><td class=\"has-text-align-left\" data-align=\"left\">Jugendwartin<\/td><td class=\"has-text-align-left\" data-align=\"left\">Daniela Aldag<\/td><td><\/td><\/tr><tr><td class=\"has-text-align-left\" data-align=\"left\">Fu\u00dfball<\/td><td class=\"has-text-align-left\" data-align=\"left\">Niklas V\u00f6lkening<\/td><td>0171 2950426<\/td><\/tr><tr><td class=\"has-text-align-left\" data-align=\"left\">Tennis<\/td><td class=\"has-text-align-left\" data-align=\"left\">J\u00fcrgen Bezjak<\/td><td>0173 2316046<\/td><\/tr><tr><td class=\"has-text-align-left\" data-align=\"left\">Tischtennis<\/td><td class=\"has-text-align-left\" data-align=\"left\">Marc Stadtl\u00e4nder<\/td><td>0160 7905854<\/td><\/tr><tr><td class=\"has-text-align-left\" data-align=\"left\">Turnen-Fitness<\/td><td class=\"has-text-align-left\" data-align=\"left\">Hannelore Sauermann<\/td><td>05721-2163<\/td><\/tr><tr><td class=\"has-text-align-left\" data-align=\"left\">Dart<\/td><td class=\"has-text-align-left\" data-align=\"left\">Kevin Gasch<\/td><td>01525 4921515<\/td><\/tr><\/tbody><\/table><\/figure>\n\n\n\n<h3 class=\"has-text-align-center\">&nbsp;<strong>Mailadresse: Verwaltung@tsv-hespe. <em>nach dem Punkt &nbsp;de &nbsp; erg\u00e4nzen<\/em><\/strong><\/h3>\n\n\n\n<h3 class=\"has-text-align-center\">Postanschrift: TSV Hespe, Hauptstra\u00dfe14, 31693 Hespe<\/h3>\n","protected":false},"excerpt":{"rendered":"<p>Vorsitzender&nbsp;&nbsp;&nbsp; Michel Kording, Hauptstr. 14, 31693 Hespe mi-kording@t-online.de0170 9065257 2. Vorsitzender Sebastian Wenzel 2. Vorsitzender Marcel Picknik Finanzen Rene ThomChristoph K\u00f6pper Schriftf\u00fchrer Tore Pfeiffer Jugendwartin Daniela Aldag Fu\u00dfball Niklas V\u00f6lkening 0171 2950426 Tennis J\u00fcrgen Bezjak 0173 2316046 Tischtennis Marc Stadtl\u00e4nder &hellip;<\/p>\n<div class=\"read_more\"><a href=\"https:\/\/www.tsv-hespe.de\/?page_id=137\">read more<\/a><\/div>\n","protected":false},"author":1,"featured_media":0,"parent":46,"menu_order":0,"comment_status":"open","ping_status":"open","template":"","meta":[],"_links":{"self":[{"href":"https:\/\/www.tsv-hespe.de\/index.php?rest_route=\/wp\/v2\/pages\/137"}],"collection":[{"href":"https:\/\/www.tsv-hespe.de\/index.php?rest_route=\/wp\/v2\/pages"}],"about":[{"href":"https:\/\/www.tsv-hespe.de\/index.php?rest_route=\/wp\/v2\/types\/page"}],"author":[{"embeddable":true,"href":"https:\/\/www.tsv-hespe.de\/index.php?rest_route=\/wp\/v2\/users\/1"}],"replies":[{"embeddable":true,"href":"https:\/\/www.tsv-hespe.de\/index.php?rest_route=%2Fwp%2Fv2%2Fcomments&post=137"}],"version-history":[{"count":24,"href":"https:\/\/www.tsv-hespe.de\/index.php?rest_route=\/wp\/v2\/pages\/137\/revisions"}],"predecessor-version":[{"id":168888,"href":"https:\/\/www.tsv-hespe.de\/index.php?rest_route=\/wp\/v2\/pages\/137\/revisions\/168888"}],"up":[{"embeddable":true,"href":"https:\/\/www.tsv-hespe.de\/index.php?rest_route=\/wp\/v2\/pages\/46"}],"wp:attachment":[{"href":"https:\/\/www.tsv-hespe.de\/index.php?rest_route=%2Fwp%2Fv2%2Fmedia&parent=137"}],"curies":[{"name":"wp","href":"https:\/\/api.w.org\/{rel}","templated":true}]}}